{"id":1916,"date":"2021-04-27T17:58:12","date_gmt":"2021-04-27T15:58:12","guid":{"rendered":"https:\/\/orban-tehnika.hr\/novosti\/"},"modified":"2021-06-10T08:06:09","modified_gmt":"2021-06-10T06:06:09","slug":"news","status":"publish","type":"page","link":"https:\/\/orban-tehnika.hr\/en\/news\/","title":{"rendered":"News"},"content":{"rendered":"\t\t<div data-elementor-type=\"wp-page\" data-elementor-id=\"1916\" class=\"elementor elementor-1916\" data-elementor-settings=\"[]\">\n\t\t\t\t\t\t\t<div class=\"elementor-section-wrap\">\n\t\t\t\t\t\t\t<section class=\"elementor-section elementor-top-section elementor-element elementor-element-4495bdd elementor-section-height-min-height elementor-section-boxed elementor-section-height-default elementor-section-items-middle\" data-id=\"4495bdd\" data-element_type=\"section\" data-settings=\"{&quot;background_background&quot;:&quot;classic&quot;}\">\n\t\t\t\t\t\t\t<div class=\"elementor-background-overlay\"><\/div>\n\t\t\t\t\t\t\t<div class=\"elementor-container elementor-column-gap-default\">\n\t\t\t\t\t<div class=\"elementor-column elementor-col-50 elementor-top-column elementor-element elementor-element-7f6877b8\" data-id=\"7f6877b8\" data-element_type=\"column\">\n\t\t\t<div class=\"elementor-widget-wrap elementor-element-populated\">\n\t\t\t\t\t\t\t\t<div class=\"elementor-element elementor-element-13af3a elementor-widget elementor-widget-heading\" data-id=\"13af3a\" data-element_type=\"widget\" data-widget_type=\"heading.default\">\n\t\t\t\t<div class=\"elementor-widget-container\">\n\t\t\t<h1 class=\"elementor-heading-title elementor-size-default\">News<\/h1>\t\t<\/div>\n\t\t\t\t<\/div>\n\t\t\t\t<div class=\"elementor-element elementor-element-7534827 elementor-widget elementor-widget-text-editor\" data-id=\"7534827\" data-element_type=\"widget\" data-widget_type=\"text-editor.default\">\n\t\t\t\t<div class=\"elementor-widget-container\">\n\t\t\t\t\t\t\t<p>We will try to inform you about the latest events, applications of our products and news in the programs of our principals.<\/p>\t\t\t\t\t\t<\/div>\n\t\t\t\t<\/div>\n\t\t\t\t\t<\/div>\n\t\t<\/div>\n\t\t\t\t<div class=\"elementor-column elementor-col-50 elementor-top-column elementor-element elementor-element-59f2caec elementor-hidden-tablet elementor-hidden-phone\" data-id=\"59f2caec\" data-element_type=\"column\">\n\t\t\t<div class=\"elementor-widget-wrap\">\n\t\t\t\t\t\t\t\t\t<\/div>\n\t\t<\/div>\n\t\t\t\t\t\t\t<\/div>\n\t\t<\/section>\n\t\t\t\t<section class=\"elementor-section elementor-top-section elementor-element elementor-element-7d2f098 elementor-section-boxed elementor-section-height-default elementor-section-height-default\" data-id=\"7d2f098\" data-element_type=\"section\">\n\t\t\t\t\t\t<div class=\"elementor-container elementor-column-gap-default\">\n\t\t\t\t\t<div class=\"elementor-column elementor-col-100 elementor-top-column elementor-element elementor-element-78dd24c\" data-id=\"78dd24c\" data-element_type=\"column\">\n\t\t\t<div class=\"elementor-widget-wrap elementor-element-populated\">\n\t\t\t\t\t\t\t\t<div class=\"elementor-element elementor-element-fc009b4 elementor-posts--thumbnail-top elementor-grid-3 elementor-grid-tablet-2 elementor-grid-mobile-1 elementor-widget elementor-widget-posts\" data-id=\"fc009b4\" data-element_type=\"widget\" data-settings=\"{&quot;custom_columns&quot;:&quot;3&quot;,&quot;custom_columns_tablet&quot;:&quot;2&quot;,&quot;custom_columns_mobile&quot;:&quot;1&quot;,&quot;custom_row_gap&quot;:{&quot;unit&quot;:&quot;px&quot;,&quot;size&quot;:35,&quot;sizes&quot;:[]}}\" data-widget_type=\"posts.custom\">\n\t\t\t\t<div class=\"elementor-widget-container\">\n\t\t\t      <div class=\"ecs-posts elementor-posts-container elementor-posts   elementor-grid elementor-posts--skin-custom\" data-settings=\"{&quot;current_page&quot;:1,&quot;max_num_pages&quot;:1,&quot;load_method&quot;:&quot;loadmore&quot;,&quot;widget_id&quot;:&quot;fc009b4&quot;,&quot;post_id&quot;:1916,&quot;theme_id&quot;:1916,&quot;change_url&quot;:false,&quot;reinit_js&quot;:false}\">\n      \t\t<article id=\"post-2062\" class=\"elementor-post elementor-grid-item ecs-post-loop post-2062 post type-post status-publish format-standard has-post-thumbnail hentry category-news\">\n\t\t\t\t<div data-elementor-type=\"loop\" data-elementor-id=\"2150\" class=\"elementor elementor-2150 post-2062 post type-post status-publish format-standard has-post-thumbnail hentry category-news\" data-elementor-settings=\"[]\">\n\t\t<div class=\"elementor-section-wrap\">\n\t\t\t\t\t<section class=\"elementor-section elementor-top-section elementor-element elementor-element-be7b048 elementor-section-content-middle elementor-section-boxed elementor-section-height-default elementor-section-height-default\" data-id=\"be7b048\" data-element_type=\"section\">\n\t\t\t\t\t\t<div class=\"elementor-container elementor-column-gap-default\">\n\t\t\t\t\t<div class=\"elementor-column elementor-col-100 elementor-top-column elementor-element elementor-element-9c0dbb6\" data-id=\"9c0dbb6\" data-element_type=\"column\">\n\t\t\t<div class=\"elementor-widget-wrap elementor-element-populated\">\n\t\t\t\t\t\t\t\t<div class=\"elementor-element elementor-element-d0e9b5e box04020450234 elementor-widget elementor-widget-theme-post-featured-image elementor-widget-image\" data-id=\"d0e9b5e\" data-element_type=\"widget\" data-widget_type=\"theme-post-featured-image.default\">\n\t\t\t\t<div class=\"elementor-widget-container\">\n\t\t\t\t\t\t\t\t\t\t\t\t\t\t\t\t<a href=\"https:\/\/orban-tehnika.hr\/en\/nova-web-stranica\/\">\n\t\t\t\t\t\t\t<img loading=\"lazy\" decoding=\"async\" width=\"800\" height=\"534\" src=\"https:\/\/orban-tehnika.hr\/wp-content\/uploads\/2021\/05\/novawebstranica-1024x683.jpg\" class=\"attachment-large size-large\" alt=\"\" srcset=\"https:\/\/orban-tehnika.hr\/wp-content\/uploads\/2021\/05\/novawebstranica-1024x683.jpg 1024w, https:\/\/orban-tehnika.hr\/wp-content\/uploads\/2021\/05\/novawebstranica-300x200.jpg 300w, https:\/\/orban-tehnika.hr\/wp-content\/uploads\/2021\/05\/novawebstranica-768x512.jpg 768w, https:\/\/orban-tehnika.hr\/wp-content\/uploads\/2021\/05\/novawebstranica.jpg 1500w\" sizes=\"auto, (max-width: 800px) 100vw, 800px\" \/>\t\t\t\t\t\t\t\t<\/a>\n\t\t\t\t\t\t\t\t\t\t\t\t\t\t\t<\/div>\n\t\t\t\t<\/div>\n\t\t\t\t<div class=\"elementor-element elementor-element-076913a nospace elementor-widget elementor-widget-post-info\" data-id=\"076913a\" data-element_type=\"widget\" data-widget_type=\"post-info.default\">\n\t\t\t\t<div class=\"elementor-widget-container\">\n\t\t\t\t\t<ul class=\"elementor-inline-items elementor-icon-list-items elementor-post-info\">\n\t\t\t\t\t<li class=\"elementor-icon-list-item elementor-repeater-item-550b1b1 elementor-inline-item\" itemprop=\"datePublished\">\n\t\t\t\t\t\t\t\t\t\t\t\t\t<span class=\"elementor-icon-list-text elementor-post-info__item elementor-post-info__item--type-date\">\n\t\t\t\t\t\t\t\t\t\t27.05.2021.\t\t\t\t\t<\/span>\n\t\t\t\t\t\t\t\t<\/li>\n\t\t\t\t<\/ul>\n\t\t\t\t<\/div>\n\t\t\t\t<\/div>\n\t\t\t\t<div class=\"elementor-element elementor-element-d0b097a elementor-widget elementor-widget-theme-post-title elementor-page-title elementor-widget-heading\" data-id=\"d0b097a\" data-element_type=\"widget\" data-widget_type=\"theme-post-title.default\">\n\t\t\t\t<div class=\"elementor-widget-container\">\n\t\t\t<h1 class=\"elementor-heading-title elementor-size-default\"><a href=\"https:\/\/orban-tehnika.hr\/en\/nova-web-stranica\/\">Nova WEB stranica<\/a><\/h1>\t\t<\/div>\n\t\t\t\t<\/div>\n\t\t\t\t<div class=\"elementor-element elementor-element-8e0f82b elementor-widget elementor-widget-heading\" data-id=\"8e0f82b\" data-element_type=\"widget\" data-widget_type=\"heading.default\">\n\t\t\t\t<div class=\"elementor-widget-container\">\n\t\t\t<div class=\"elementor-heading-title elementor-size-default\"><a href=\"https:\/\/orban-tehnika.hr\/en\/nova-web-stranica\/\"><p>Nakon 30 godina rada odlu\u010dili smo ponovo napraviti neke tehnolo\u0161ke iskorake. Me\u0111u njima je nova i modernija WEB stranica ra\u0111ena na novoj tehnolo\u0161koj platformi koja \u0107e nam, nadamo se, omogu\u0107iti lak\u0161i i pristupa\u010dniji rad Vas [&hellip;]<\/p>\n<\/a><\/div>\t\t<\/div>\n\t\t\t\t<\/div>\n\t\t\t\t<div class=\"elementor-element elementor-element-6653ae7 elementor-widget elementor-widget-button\" data-id=\"6653ae7\" data-element_type=\"widget\" data-widget_type=\"button.default\">\n\t\t\t\t<div class=\"elementor-widget-container\">\n\t\t\t\t\t<div class=\"elementor-button-wrapper\">\n\t\t\t<a href=\"https:\/\/orban-tehnika.hr\/en\/nova-web-stranica\/\" class=\"elementor-button-link elementor-button elementor-size-sm\" role=\"button\">\n\t\t\t\t\t\t<span class=\"elementor-button-content-wrapper\">\n\t\t\t\t\t\t<span class=\"elementor-button-icon elementor-align-icon-right\">\n\t\t\t\t<i aria-hidden=\"true\" class=\"fas fa-chevron-circle-right\"><\/i>\t\t\t<\/span>\n\t\t\t\t\t\t<span class=\"elementor-button-text\">Read more<\/span>\n\t\t<\/span>\n\t\t\t\t\t<\/a>\n\t\t<\/div>\n\t\t\t\t<\/div>\n\t\t\t\t<\/div>\n\t\t\t\t\t<\/div>\n\t\t<\/div>\n\t\t\t\t\t\t\t<\/div>\n\t\t<\/section>\n\t\t\t\t<\/div>\n\t\t<\/div>\n\t\t\t\t<\/article>\n\t\t\t\t<article id=\"post-2063\" class=\"elementor-post elementor-grid-item ecs-post-loop post-2063 post type-post status-publish format-standard has-post-thumbnail hentry\">\n\t\t\t\t<div data-elementor-type=\"loop\" data-elementor-id=\"2150\" class=\"elementor elementor-2150 post-2063 post type-post status-publish format-standard has-post-thumbnail hentry\" data-elementor-settings=\"[]\">\n\t\t<div class=\"elementor-section-wrap\">\n\t\t\t\t\t<section class=\"elementor-section elementor-top-section elementor-element elementor-element-be7b048 elementor-section-content-middle elementor-section-boxed elementor-section-height-default elementor-section-height-default\" data-id=\"be7b048\" data-element_type=\"section\">\n\t\t\t\t\t\t<div class=\"elementor-container elementor-column-gap-default\">\n\t\t\t\t\t<div class=\"elementor-column elementor-col-100 elementor-top-column elementor-element elementor-element-9c0dbb6\" data-id=\"9c0dbb6\" data-element_type=\"column\">\n\t\t\t<div class=\"elementor-widget-wrap elementor-element-populated\">\n\t\t\t\t\t\t\t\t<div class=\"elementor-element elementor-element-d0e9b5e box04020450234 elementor-widget elementor-widget-theme-post-featured-image elementor-widget-image\" data-id=\"d0e9b5e\" data-element_type=\"widget\" data-widget_type=\"theme-post-featured-image.default\">\n\t\t\t\t<div class=\"elementor-widget-container\">\n\t\t\t\t\t\t\t\t\t\t\t\t\t\t\t\t<a href=\"https:\/\/orban-tehnika.hr\/en\/30-godina-s-vama\/\">\n\t\t\t\t\t\t\t<img loading=\"lazy\" decoding=\"async\" width=\"800\" height=\"534\" src=\"https:\/\/orban-tehnika.hr\/wp-content\/uploads\/2021\/05\/image-1024x683.jpg\" class=\"attachment-large size-large\" alt=\"\" srcset=\"https:\/\/orban-tehnika.hr\/wp-content\/uploads\/2021\/05\/image-1024x683.jpg 1024w, https:\/\/orban-tehnika.hr\/wp-content\/uploads\/2021\/05\/image-300x200.jpg 300w, https:\/\/orban-tehnika.hr\/wp-content\/uploads\/2021\/05\/image-768x512.jpg 768w, https:\/\/orban-tehnika.hr\/wp-content\/uploads\/2021\/05\/image.jpg 1500w\" sizes=\"auto, (max-width: 800px) 100vw, 800px\" \/>\t\t\t\t\t\t\t\t<\/a>\n\t\t\t\t\t\t\t\t\t\t\t\t\t\t\t<\/div>\n\t\t\t\t<\/div>\n\t\t\t\t<div class=\"elementor-element elementor-element-076913a nospace elementor-widget elementor-widget-post-info\" data-id=\"076913a\" data-element_type=\"widget\" data-widget_type=\"post-info.default\">\n\t\t\t\t<div class=\"elementor-widget-container\">\n\t\t\t\t\t<ul class=\"elementor-inline-items elementor-icon-list-items elementor-post-info\">\n\t\t\t\t\t<li class=\"elementor-icon-list-item elementor-repeater-item-550b1b1 elementor-inline-item\" itemprop=\"datePublished\">\n\t\t\t\t\t\t\t\t\t\t\t\t\t<span class=\"elementor-icon-list-text elementor-post-info__item elementor-post-info__item--type-date\">\n\t\t\t\t\t\t\t\t\t\t27.05.2021.\t\t\t\t\t<\/span>\n\t\t\t\t\t\t\t\t<\/li>\n\t\t\t\t<\/ul>\n\t\t\t\t<\/div>\n\t\t\t\t<\/div>\n\t\t\t\t<div class=\"elementor-element elementor-element-d0b097a elementor-widget elementor-widget-theme-post-title elementor-page-title elementor-widget-heading\" data-id=\"d0b097a\" data-element_type=\"widget\" data-widget_type=\"theme-post-title.default\">\n\t\t\t\t<div class=\"elementor-widget-container\">\n\t\t\t<h1 class=\"elementor-heading-title elementor-size-default\"><a href=\"https:\/\/orban-tehnika.hr\/en\/30-godina-s-vama\/\">30 godina s Vama<\/a><\/h1>\t\t<\/div>\n\t\t\t\t<\/div>\n\t\t\t\t<div class=\"elementor-element elementor-element-8e0f82b elementor-widget elementor-widget-heading\" data-id=\"8e0f82b\" data-element_type=\"widget\" data-widget_type=\"heading.default\">\n\t\t\t\t<div class=\"elementor-widget-container\">\n\t\t\t<div class=\"elementor-heading-title elementor-size-default\"><a href=\"https:\/\/orban-tehnika.hr\/en\/30-godina-s-vama\/\"><p>ORBAN TEHNIKA osnovana je prije 30 godina, to\u010dnije 27.02.1991. godine. Glavna djelatnost firme je distribucija elektro-mehani\u010dkih komponenti s fokusom na podru\u010dje tra\u010dni\u010dkih vozila, brodogradnju, procesnu, specijalnu i drugu visokozahtjevnu industriju. U tih 30 godina kao [&hellip;]<\/p>\n<\/a><\/div>\t\t<\/div>\n\t\t\t\t<\/div>\n\t\t\t\t<div class=\"elementor-element elementor-element-6653ae7 elementor-widget elementor-widget-button\" data-id=\"6653ae7\" data-element_type=\"widget\" data-widget_type=\"button.default\">\n\t\t\t\t<div class=\"elementor-widget-container\">\n\t\t\t\t\t<div class=\"elementor-button-wrapper\">\n\t\t\t<a href=\"https:\/\/orban-tehnika.hr\/en\/30-godina-s-vama\/\" class=\"elementor-button-link elementor-button elementor-size-sm\" role=\"button\">\n\t\t\t\t\t\t<span class=\"elementor-button-content-wrapper\">\n\t\t\t\t\t\t<span class=\"elementor-button-icon elementor-align-icon-right\">\n\t\t\t\t<i aria-hidden=\"true\" class=\"fas fa-chevron-circle-right\"><\/i>\t\t\t<\/span>\n\t\t\t\t\t\t<span class=\"elementor-button-text\">Read more<\/span>\n\t\t<\/span>\n\t\t\t\t\t<\/a>\n\t\t<\/div>\n\t\t\t\t<\/div>\n\t\t\t\t<\/div>\n\t\t\t\t\t<\/div>\n\t\t<\/div>\n\t\t\t\t\t\t\t<\/div>\n\t\t<\/section>\n\t\t\t\t<\/div>\n\t\t<\/div>\n\t\t\t\t<\/article>\n\t\t\t\t<article id=\"post-2064\" class=\"elementor-post elementor-grid-item ecs-post-loop post-2064 post type-post status-publish format-standard has-post-thumbnail hentry\">\n\t\t\t\t<div data-elementor-type=\"loop\" data-elementor-id=\"2150\" class=\"elementor elementor-2150 post-2064 post type-post status-publish format-standard has-post-thumbnail hentry\" data-elementor-settings=\"[]\">\n\t\t<div class=\"elementor-section-wrap\">\n\t\t\t\t\t<section class=\"elementor-section elementor-top-section elementor-element elementor-element-be7b048 elementor-section-content-middle elementor-section-boxed elementor-section-height-default elementor-section-height-default\" data-id=\"be7b048\" data-element_type=\"section\">\n\t\t\t\t\t\t<div class=\"elementor-container elementor-column-gap-default\">\n\t\t\t\t\t<div class=\"elementor-column elementor-col-100 elementor-top-column elementor-element elementor-element-9c0dbb6\" data-id=\"9c0dbb6\" data-element_type=\"column\">\n\t\t\t<div class=\"elementor-widget-wrap elementor-element-populated\">\n\t\t\t\t\t\t\t\t<div class=\"elementor-element elementor-element-d0e9b5e box04020450234 elementor-widget elementor-widget-theme-post-featured-image elementor-widget-image\" data-id=\"d0e9b5e\" data-element_type=\"widget\" data-widget_type=\"theme-post-featured-image.default\">\n\t\t\t\t<div class=\"elementor-widget-container\">\n\t\t\t\t\t\t\t\t\t\t\t\t\t\t\t\t<a href=\"https:\/\/orban-tehnika.hr\/en\/tradicionalna-tvrtka-s-novim-svicarskim-vlasnicima\/\">\n\t\t\t\t\t\t\t<img loading=\"lazy\" decoding=\"async\" width=\"800\" height=\"534\" src=\"https:\/\/orban-tehnika.hr\/wp-content\/uploads\/2021\/05\/studer-1024x683.jpg\" class=\"attachment-large size-large\" alt=\"\" srcset=\"https:\/\/orban-tehnika.hr\/wp-content\/uploads\/2021\/05\/studer-1024x683.jpg 1024w, https:\/\/orban-tehnika.hr\/wp-content\/uploads\/2021\/05\/studer-300x200.jpg 300w, https:\/\/orban-tehnika.hr\/wp-content\/uploads\/2021\/05\/studer-768x512.jpg 768w, https:\/\/orban-tehnika.hr\/wp-content\/uploads\/2021\/05\/studer.jpg 1500w\" sizes=\"auto, (max-width: 800px) 100vw, 800px\" \/>\t\t\t\t\t\t\t\t<\/a>\n\t\t\t\t\t\t\t\t\t\t\t\t\t\t\t<\/div>\n\t\t\t\t<\/div>\n\t\t\t\t<div class=\"elementor-element elementor-element-076913a nospace elementor-widget elementor-widget-post-info\" data-id=\"076913a\" data-element_type=\"widget\" data-widget_type=\"post-info.default\">\n\t\t\t\t<div class=\"elementor-widget-container\">\n\t\t\t\t\t<ul class=\"elementor-inline-items elementor-icon-list-items elementor-post-info\">\n\t\t\t\t\t<li class=\"elementor-icon-list-item elementor-repeater-item-550b1b1 elementor-inline-item\" itemprop=\"datePublished\">\n\t\t\t\t\t\t\t\t\t\t\t\t\t<span class=\"elementor-icon-list-text elementor-post-info__item elementor-post-info__item--type-date\">\n\t\t\t\t\t\t\t\t\t\t27.05.2021.\t\t\t\t\t<\/span>\n\t\t\t\t\t\t\t\t<\/li>\n\t\t\t\t<\/ul>\n\t\t\t\t<\/div>\n\t\t\t\t<\/div>\n\t\t\t\t<div class=\"elementor-element elementor-element-d0b097a elementor-widget elementor-widget-theme-post-title elementor-page-title elementor-widget-heading\" data-id=\"d0b097a\" data-element_type=\"widget\" data-widget_type=\"theme-post-title.default\">\n\t\t\t\t<div class=\"elementor-widget-container\">\n\t\t\t<h1 class=\"elementor-heading-title elementor-size-default\"><a href=\"https:\/\/orban-tehnika.hr\/en\/tradicionalna-tvrtka-s-novim-svicarskim-vlasnicima\/\">Tradicionalna tvrtka s novim \u0161vicarskim vlasnicima<\/a><\/h1>\t\t<\/div>\n\t\t\t\t<\/div>\n\t\t\t\t<div class=\"elementor-element elementor-element-8e0f82b elementor-widget elementor-widget-heading\" data-id=\"8e0f82b\" data-element_type=\"widget\" data-widget_type=\"heading.default\">\n\t\t\t\t<div class=\"elementor-widget-container\">\n\t\t\t<div class=\"elementor-heading-title elementor-size-default\"><a href=\"https:\/\/orban-tehnika.hr\/en\/tradicionalna-tvrtka-s-novim-svicarskim-vlasnicima\/\"><p>Zadovoljstvo nam je obavijestiti Vas da je LEONI Studer AG pro\u0161ao kroz promjenu vlasni\u0161tva i da \u0107e od sada poslovati kao Studer Cables AG. Konzorcij kupaca predvo\u0111en izvr\u0161nim direktorom Brunom Fankhauserom i Helvetica Capitalom preuzeo [&hellip;]<\/p>\n<\/a><\/div>\t\t<\/div>\n\t\t\t\t<\/div>\n\t\t\t\t<div class=\"elementor-element elementor-element-6653ae7 elementor-widget elementor-widget-button\" data-id=\"6653ae7\" data-element_type=\"widget\" data-widget_type=\"button.default\">\n\t\t\t\t<div class=\"elementor-widget-container\">\n\t\t\t\t\t<div class=\"elementor-button-wrapper\">\n\t\t\t<a href=\"https:\/\/orban-tehnika.hr\/en\/tradicionalna-tvrtka-s-novim-svicarskim-vlasnicima\/\" class=\"elementor-button-link elementor-button elementor-size-sm\" role=\"button\">\n\t\t\t\t\t\t<span class=\"elementor-button-content-wrapper\">\n\t\t\t\t\t\t<span class=\"elementor-button-icon elementor-align-icon-right\">\n\t\t\t\t<i aria-hidden=\"true\" class=\"fas fa-chevron-circle-right\"><\/i>\t\t\t<\/span>\n\t\t\t\t\t\t<span class=\"elementor-button-text\">Read more<\/span>\n\t\t<\/span>\n\t\t\t\t\t<\/a>\n\t\t<\/div>\n\t\t\t\t<\/div>\n\t\t\t\t<\/div>\n\t\t\t\t\t<\/div>\n\t\t<\/div>\n\t\t\t\t\t\t\t<\/div>\n\t\t<\/section>\n\t\t\t\t<\/div>\n\t\t<\/div>\n\t\t\t\t<\/article>\n\t\t\t\t<\/div>\n\t\t\t\t<\/div>\n\t\t\t\t<\/div>\n\t\t\t\t\t<\/div>\n\t\t<\/div>\n\t\t\t\t\t\t\t<\/div>\n\t\t<\/section>\n\t\t\t\t\t\t<\/div>\n\t\t\t\t\t<\/div>\n\t\t","protected":false},"excerpt":{"rendered":"<p>We will try to inform you about the latest events, applications of our products and news in the programs of our principals.<\/p>\n","protected":false},"author":1,"featured_media":0,"parent":0,"menu_order":0,"comment_status":"closed","ping_status":"closed","template":"elementor_header_footer","meta":{"footnotes":""},"class_list":["post-1916","page","type-page","status-publish","hentry"],"yoast_head":"<!-- This site is optimized with the Yoast SEO plugin v18.3 - https:\/\/yoast.com\/wordpress\/plugins\/seo\/ -->\n<title>News - Orban tehnika<\/title>\n<meta name=\"robots\" content=\"index, follow, max-snippet:-1, max-image-preview:large, max-video-preview:-1\" \/>\n<link rel=\"canonical\" href=\"https:\/\/orban-tehnika.hr\/en\/news\/\" \/>\n<meta property=\"og:locale\" content=\"en_US\" \/>\n<meta property=\"og:type\" content=\"article\" \/>\n<meta property=\"og:title\" content=\"News - Orban tehnika\" \/>\n<meta property=\"og:description\" content=\"We will try to inform you about the latest events, applications of our products and news in the programs of our principals.\" \/>\n<meta property=\"og:url\" content=\"https:\/\/orban-tehnika.hr\/en\/news\/\" \/>\n<meta property=\"og:site_name\" content=\"Orban tehnika\" \/>\n<meta property=\"article:modified_time\" content=\"2021-06-10T06:06:09+00:00\" \/>\n<meta name=\"twitter:card\" content=\"summary_large_image\" \/>\n<script type=\"application\/ld+json\" class=\"yoast-schema-graph\">{\"@context\":\"https:\/\/schema.org\",\"@graph\":[{\"@type\":\"WebSite\",\"@id\":\"https:\/\/orban-tehnika.hr\/#website\",\"url\":\"https:\/\/orban-tehnika.hr\/\",\"name\":\"Orban tehnika\",\"description\":\"\",\"potentialAction\":[{\"@type\":\"SearchAction\",\"target\":{\"@type\":\"EntryPoint\",\"urlTemplate\":\"https:\/\/orban-tehnika.hr\/?s={search_term_string}\"},\"query-input\":\"required name=search_term_string\"}],\"inLanguage\":\"en-US\"},{\"@type\":\"WebPage\",\"@id\":\"https:\/\/orban-tehnika.hr\/en\/news\/#webpage\",\"url\":\"https:\/\/orban-tehnika.hr\/en\/news\/\",\"name\":\"News - Orban tehnika\",\"isPartOf\":{\"@id\":\"https:\/\/orban-tehnika.hr\/#website\"},\"datePublished\":\"2021-04-27T15:58:12+00:00\",\"dateModified\":\"2021-06-10T06:06:09+00:00\",\"breadcrumb\":{\"@id\":\"https:\/\/orban-tehnika.hr\/en\/news\/#breadcrumb\"},\"inLanguage\":\"en-US\",\"potentialAction\":[{\"@type\":\"ReadAction\",\"target\":[\"https:\/\/orban-tehnika.hr\/en\/news\/\"]}]},{\"@type\":\"BreadcrumbList\",\"@id\":\"https:\/\/orban-tehnika.hr\/en\/news\/#breadcrumb\",\"itemListElement\":[{\"@type\":\"ListItem\",\"position\":1,\"name\":\"Po\u010detna stranica\",\"item\":\"https:\/\/orban-tehnika.hr\/en\/\"},{\"@type\":\"ListItem\",\"position\":2,\"name\":\"News\"}]}]}<\/script>\n<!-- \/ Yoast SEO plugin. -->","yoast_head_json":{"title":"News - Orban tehnika","robots":{"index":"index","follow":"follow","max-snippet":"max-snippet:-1","max-image-preview":"max-image-preview:large","max-video-preview":"max-video-preview:-1"},"canonical":"https:\/\/orban-tehnika.hr\/en\/news\/","og_locale":"en_US","og_type":"article","og_title":"News - Orban tehnika","og_description":"We will try to inform you about the latest events, applications of our products and news in the programs of our principals.","og_url":"https:\/\/orban-tehnika.hr\/en\/news\/","og_site_name":"Orban tehnika","article_modified_time":"2021-06-10T06:06:09+00:00","twitter_card":"summary_large_image","schema":{"@context":"https:\/\/schema.org","@graph":[{"@type":"WebSite","@id":"https:\/\/orban-tehnika.hr\/#website","url":"https:\/\/orban-tehnika.hr\/","name":"Orban tehnika","description":"","potentialAction":[{"@type":"SearchAction","target":{"@type":"EntryPoint","urlTemplate":"https:\/\/orban-tehnika.hr\/?s={search_term_string}"},"query-input":"required name=search_term_string"}],"inLanguage":"en-US"},{"@type":"WebPage","@id":"https:\/\/orban-tehnika.hr\/en\/news\/#webpage","url":"https:\/\/orban-tehnika.hr\/en\/news\/","name":"News - Orban tehnika","isPartOf":{"@id":"https:\/\/orban-tehnika.hr\/#website"},"datePublished":"2021-04-27T15:58:12+00:00","dateModified":"2021-06-10T06:06:09+00:00","breadcrumb":{"@id":"https:\/\/orban-tehnika.hr\/en\/news\/#breadcrumb"},"inLanguage":"en-US","potentialAction":[{"@type":"ReadAction","target":["https:\/\/orban-tehnika.hr\/en\/news\/"]}]},{"@type":"BreadcrumbList","@id":"https:\/\/orban-tehnika.hr\/en\/news\/#breadcrumb","itemListElement":[{"@type":"ListItem","position":1,"name":"Po\u010detna stranica","item":"https:\/\/orban-tehnika.hr\/en\/"},{"@type":"ListItem","position":2,"name":"News"}]}]}},"_links":{"self":[{"href":"https:\/\/orban-tehnika.hr\/en\/wp-json\/wp\/v2\/pages\/1916","targetHints":{"allow":["GET"]}}],"collection":[{"href":"https:\/\/orban-tehnika.hr\/en\/wp-json\/wp\/v2\/pages"}],"about":[{"href":"https:\/\/orban-tehnika.hr\/en\/wp-json\/wp\/v2\/types\/page"}],"author":[{"embeddable":true,"href":"https:\/\/orban-tehnika.hr\/en\/wp-json\/wp\/v2\/users\/1"}],"replies":[{"embeddable":true,"href":"https:\/\/orban-tehnika.hr\/en\/wp-json\/wp\/v2\/comments?post=1916"}],"version-history":[{"count":0,"href":"https:\/\/orban-tehnika.hr\/en\/wp-json\/wp\/v2\/pages\/1916\/revisions"}],"wp:attachment":[{"href":"https:\/\/orban-tehnika.hr\/en\/wp-json\/wp\/v2\/media?parent=1916"}],"curies":[{"name":"wp","href":"https:\/\/api.w.org\/{rel}","templated":true}]}}